{"id":17,"date":"2014-10-30T19:53:58","date_gmt":"2014-10-30T17:53:58","guid":{"rendered":"http:\/\/hyyppy.fi\/?page_id=17"},"modified":"2014-11-02T18:55:53","modified_gmt":"2014-11-02T16:55:53","slug":"karttoja","status":"publish","type":"page","link":"https:\/\/hyyppy.fi\/?page_id=17","title":{"rendered":"Karttoja"},"content":{"rendered":"<p>&nbsp;<\/p>\n<p><a href=\"http:\/\/hyyppy.fi\/wp-content\/uploads\/2014\/10\/HYYPPY.jpg\">Kartta vuodelta 1969<\/a><\/p>\n<p>S\u00e4kyl\u00e4n Hyyppy ei en\u00e4\u00e4 nykyisin esiinny peruskartalla mutta aikaisemmin se on ollut karttanimen\u00e4 (pk 113312 &#8211; 1969). Peruskartassa Hyyppy n\u00e4ytt\u00e4isi olevan Pyh\u00e4joen rannalla olevan talon nimi.<\/p>\n<p><a href=\"http:\/\/hyyppy.fi\/wp-content\/uploads\/2014\/10\/HYYPPY.jpg\"><img loading=\"lazy\" decoding=\"async\" class=\"alignnone size-medium wp-image-13\" src=\"http:\/\/hyyppy.fi\/wp-content\/uploads\/2014\/10\/HYYPPY-288x300.jpg\" alt=\"HYYPPY\" width=\"288\" height=\"300\" srcset=\"https:\/\/hyyppy.fi\/wp-content\/uploads\/2014\/10\/HYYPPY-288x300.jpg 288w, https:\/\/hyyppy.fi\/wp-content\/uploads\/2014\/10\/HYYPPY-986x1024.jpg 986w, https:\/\/hyyppy.fi\/wp-content\/uploads\/2014\/10\/HYYPPY.jpg 1350w\" sizes=\"auto, (max-width: 288px) 100vw, 288px\" \/><\/a><\/p>\n<p>Napsauta karttaa hiiren vasemmalla painikkeella suurentaaksesi sit\u00e4, lis\u00e4suurennus toisella klikkauksella. Paluu sivustolle selaimen &#8221;siirry taaksep\u00e4in&#8221; -nuolella.<\/p>\n","protected":false},"excerpt":{"rendered":"<p>&nbsp; Kartta vuodelta 1969 S\u00e4kyl\u00e4n Hyyppy ei en\u00e4\u00e4 nykyisin esiinny peruskartalla mutta aikaisemmin se on ollut karttanimen\u00e4 (pk 113312 &#8211; 1969). Peruskartassa Hyyppy n\u00e4ytt\u00e4isi olevan Pyh\u00e4joen rannalla olevan talon nimi. Napsauta karttaa hiiren vasemmalla painikkeella suurentaaksesi sit\u00e4, lis\u00e4suurennus toisella klikkauksella. &hellip; <a href=\"https:\/\/hyyppy.fi\/?page_id=17\">Lue loppuun <span class=\"meta-nav\">&rarr;<\/span><\/a><\/p>\n","protected":false},"author":1,"featured_media":0,"parent":0,"menu_order":0,"comment_status":"closed","ping_status":"closed","template":"","meta":{"footnotes":""},"class_list":["post-17","page","type-page","status-publish","hentry"],"_links":{"self":[{"href":"https:\/\/hyyppy.fi\/index.php?rest_route=\/wp\/v2\/pages\/17","targetHints":{"allow":["GET"]}}],"collection":[{"href":"https:\/\/hyyppy.fi\/index.php?rest_route=\/wp\/v2\/pages"}],"about":[{"href":"https:\/\/hyyppy.fi\/index.php?rest_route=\/wp\/v2\/types\/page"}],"author":[{"embeddable":true,"href":"https:\/\/hyyppy.fi\/index.php?rest_route=\/wp\/v2\/users\/1"}],"replies":[{"embeddable":true,"href":"https:\/\/hyyppy.fi\/index.php?rest_route=%2Fwp%2Fv2%2Fcomments&post=17"}],"version-history":[{"count":5,"href":"https:\/\/hyyppy.fi\/index.php?rest_route=\/wp\/v2\/pages\/17\/revisions"}],"predecessor-version":[{"id":27,"href":"https:\/\/hyyppy.fi\/index.php?rest_route=\/wp\/v2\/pages\/17\/revisions\/27"}],"wp:attachment":[{"href":"https:\/\/hyyppy.fi\/index.php?rest_route=%2Fwp%2Fv2%2Fmedia&parent=17"}],"curies":[{"name":"wp","href":"https:\/\/api.w.org\/{rel}","templated":true}]}}