{"id":5,"date":"2014-10-30T15:50:48","date_gmt":"2014-10-30T13:50:48","guid":{"rendered":"http:\/\/hyyppy.fi\/?page_id=5"},"modified":"2014-12-18T20:04:05","modified_gmt":"2014-12-18T18:04:05","slug":"etusivu","status":"publish","type":"page","link":"https:\/\/hyyppy.fi\/","title":{"rendered":"Etusivu"},"content":{"rendered":"<p>Tervetuloa Hyyppyyn.<\/p>\n<p>N\u00e4ille sivuille kootaan\u00a0tietoa Hyypyn ja Hyypynkulman el\u00e4m\u00e4st\u00e4, erityisesti sen historiasta ja luonnonoloista.<br \/>\nAlueellisesti Hyypynkulma on osa S\u00e4kyl\u00e4n kunnan L\u00f6yt\u00e4neen kyl\u00e4\u00e4. Alue sijaitsee etel\u00e4isess\u00e4 Satakunnassa l\u00e4hell\u00e4 Varsinais-Suomen rajaa.<br \/>\nPaikallisen murteen taitajat kertovat sanan hyyppy tarkoittavan huuhkajaa, josta k\u00e4ytet\u00e4\u00e4n my\u00f6s muotoa hyypi\u00e4.<\/p>\n<p>Kotimaisten kielten keskuksen nimiarkiston suulliseen perim\u00e4tietoon pohjautuvissa paikannimikokoelmissa on S\u00e4kyl\u00e4st\u00e4 mainittu nimi Hyyppy.<br \/>\nVuonna 1964 tallennetun nimitiedon yhteydess\u00e4 kerrotaan paikan olevan Pyh\u00e4joen ranta ja sen kohdalla olevat pellot.<br \/>\nAlueella on kokonainen ryv\u00e4s Hyyppy-nimi\u00e4: Hyypynpelto, Pikku-Hyyppy, Iso-Hyyppy, Hyypynt\u00f6yk\u00e4s, Hyypynkulju, Hyypynl\u00e4hde, Hyypyntie ja Hyypynkulma.<\/p>\n<p>Kotimaisten kielten keskuksen mukaan sana Hyyppy\u00a0tarkoittanee jonkinlaista maankohoumaa. Murteissa esiintyvi\u00e4 maankohouman nimityksi\u00e4 on monenlaisia &#8211; muoto hyypp\u00e4 taitaa kuitenkin olla yleisempi kuin hyyppy: paikannimikokoelmissakin hyyppy esiintyy vain Pihlajavedell\u00e4 nimess\u00e4 Saarij\u00e4rvenhyyppy.<\/p>\n","protected":false},"excerpt":{"rendered":"<p>Tervetuloa Hyyppyyn. N\u00e4ille sivuille kootaan\u00a0tietoa Hyypyn ja Hyypynkulman el\u00e4m\u00e4st\u00e4, erityisesti sen historiasta ja luonnonoloista. Alueellisesti Hyypynkulma on osa S\u00e4kyl\u00e4n kunnan L\u00f6yt\u00e4neen kyl\u00e4\u00e4. Alue sijaitsee etel\u00e4isess\u00e4 Satakunnassa l\u00e4hell\u00e4 Varsinais-Suomen rajaa. Paikallisen murteen taitajat kertovat sanan hyyppy tarkoittavan huuhkajaa, josta k\u00e4ytet\u00e4\u00e4n my\u00f6s &hellip; <a href=\"https:\/\/hyyppy.fi\/\">Lue loppuun <span class=\"meta-nav\">&rarr;<\/span><\/a><\/p>\n","protected":false},"author":1,"featured_media":0,"parent":0,"menu_order":0,"comment_status":"closed","ping_status":"closed","template":"","meta":{"footnotes":""},"class_list":["post-5","page","type-page","status-publish","hentry"],"_links":{"self":[{"href":"https:\/\/hyyppy.fi\/index.php?rest_route=\/wp\/v2\/pages\/5","targetHints":{"allow":["GET"]}}],"collection":[{"href":"https:\/\/hyyppy.fi\/index.php?rest_route=\/wp\/v2\/pages"}],"about":[{"href":"https:\/\/hyyppy.fi\/index.php?rest_route=\/wp\/v2\/types\/page"}],"author":[{"embeddable":true,"href":"https:\/\/hyyppy.fi\/index.php?rest_route=\/wp\/v2\/users\/1"}],"replies":[{"embeddable":true,"href":"https:\/\/hyyppy.fi\/index.php?rest_route=%2Fwp%2Fv2%2Fcomments&post=5"}],"version-history":[{"count":10,"href":"https:\/\/hyyppy.fi\/index.php?rest_route=\/wp\/v2\/pages\/5\/revisions"}],"predecessor-version":[{"id":37,"href":"https:\/\/hyyppy.fi\/index.php?rest_route=\/wp\/v2\/pages\/5\/revisions\/37"}],"wp:attachment":[{"href":"https:\/\/hyyppy.fi\/index.php?rest_route=%2Fwp%2Fv2%2Fmedia&parent=5"}],"curies":[{"name":"wp","href":"https:\/\/api.w.org\/{rel}","templated":true}]}}