{"id":61,"date":"2015-08-03T13:23:30","date_gmt":"2015-08-03T10:23:30","guid":{"rendered":"http:\/\/hyyppy.fi\/?page_id=61"},"modified":"2015-08-03T13:30:31","modified_gmt":"2015-08-03T10:30:31","slug":"tarinoita","status":"publish","type":"page","link":"https:\/\/hyyppy.fi\/?page_id=61","title":{"rendered":"Tarinoita"},"content":{"rendered":"<h1>Pakinantyyppist\u00e4 kerrontaa Hyypynkulmalta<\/h1>\n<p>&nbsp;<\/p>\n<p><strong>Karannut lammas\u00a0<\/strong> (TPS\u00a0 27.-31.7.2015)<\/p>\n<p><a href=\"http:\/\/hyyppy.fi\/wp-content\/uploads\/2015\/08\/KarannutLammasVasemmalla.jpg\"><img loading=\"lazy\" decoding=\"async\" class=\"alignnone size-medium wp-image-65\" src=\"http:\/\/hyyppy.fi\/wp-content\/uploads\/2015\/08\/KarannutLammasVasemmalla-300x225.jpg\" alt=\"KarannutLammasVasemmalla\" width=\"300\" height=\"225\" srcset=\"https:\/\/hyyppy.fi\/wp-content\/uploads\/2015\/08\/KarannutLammasVasemmalla-300x225.jpg 300w, https:\/\/hyyppy.fi\/wp-content\/uploads\/2015\/08\/KarannutLammasVasemmalla-400x300.jpg 400w, https:\/\/hyyppy.fi\/wp-content\/uploads\/2015\/08\/KarannutLammasVasemmalla.jpg 800w\" sizes=\"auto, (max-width: 300px) 100vw, 300px\" \/><\/a><br \/>\nKarannut lammas vasemmalla<\/p>\n<p>Sudet olivat tappaneet laiduntavan ponin l\u00e4hialueella. Uutinen ja irvokas kuva somessa s\u00e4ik\u00e4yttiv\u00e4t ja saivat minut kiireesti soittamaan kahden kes\u00e4lampaani omistajalle, lampuri Riitalle. Apua! Lampaat on saatava \u00e4kki\u00e4 suojaan susilta omille kotilaitumilleen. Seuraavana p\u00e4iv\u00e4n\u00e4 illansuussa Riitta saapuikin yst\u00e4v\u00e4ns\u00e4 Ilpon kanssa hakemaan lampaita. Miesvoimaakin oli siis mukana, kun aloitimme lampaiden kiinniottamisen aitauksesta. Molemmat, siis Riitta ja Ilpo, olivat kokeneita lampureita ja homman olisi pit\u00e4nyt hoitua ilman suurempia ongelmia.\u00a0 Mutta eip\u00e4 onnistunutkaan! Lampaat olivat tulleet kes\u00e4lomansa aikana entist\u00e4 aremmiksi ja s\u00e4nt\u00e4iliv\u00e4t pakoon ymp\u00e4ri aitausta, kun niit\u00e4 l\u00e4hestyttiin. Lopulta toinen saatiin kiinni ja toinen, nuorempi ja vikkel\u00e4mpi, rynt\u00e4ili vauhkona ymp\u00e4ri aitausta ja viimein hypp\u00e4si vauhdilla yli aidan. Sinne meni! Musta takapuoli vain vilahti, kun se katosi kaurapellon laitaa kohti mets\u00e4nreunaa.<\/p>\n<p>Syntyi kauhea h\u00e4t\u00e4 ja h\u00e4ss\u00e4kk\u00e4. Mit\u00e4 nyt tehd\u00e4\u00e4n? Pahimpien tunteenpurkauksien j\u00e4lkeen paikalle tuli sattumalta my\u00f6s yst\u00e4v\u00e4pariskuntamme Raija ja Taisto, jotka molemmat l\u00e4htiv\u00e4t yhdess\u00e4 Ilpon ja Riitan kanssa lampaiden per\u00e4\u00e4n, kukin v\u00e4h\u00e4n eri reittej\u00e4. Eik\u00e4 lammasta tietenk\u00e4\u00e4n l\u00f6ytynyt, ei n\u00e4kynyt eik\u00e4 kuulunut. Vakavien tuumailujen j\u00e4lkeen tulimme sitten lopulta siihen tulokseen, ett\u00e4 aitaukseen j\u00e4\u00e4nyt lammas sai viel\u00e4 j\u00e4\u00e4d\u00e4 yksikseen sinne odottamaan kaverinsa paluuta, mik\u00e4li se sattuisi tulemaan omia j\u00e4lki\u00e4\u00e4n takaisin. Laiton my\u00f6s facebook-sivulleni tiedotteen Hyypynkulman v\u00e4elle: \u201dtoinen kes\u00e4lampaamme karkasi aitauksesta t\u00e4n\u00e4\u00e4n p\u00e4iv\u00e4ll\u00e4 ja pakeni Hyypyntien suuntaisesti pellon yli mets\u00e4\u00e4n. Haettu on, mutta tuloksetta. Nyt odotamme aamuun ja katsomme, tuleeko se takaisin y\u00f6n aikana. Lammas on musta ja arka. Jos havaintoja, ilmoitelkaa, kiitos!\u201d<\/p>\n<p>Seuraavana aamuna klo 8.55 soi mieheni Hannun puhelin. Itse olin toisessa huoneessa tietokoneen \u00e4\u00e4rell\u00e4 ja havahduin, kun Hannu h\u00e4mm\u00e4styneen\u00e4 korotti \u00e4\u00e4nt\u00e4\u00e4n: \u201dPASSI\u2026, mik\u00e4 ihmeen passi!\u201d Sitten h\u00e4n toi h\u00e4t\u00e4isesti puhelimen k\u00e4teeni\u00a0 ja kertoi, ett\u00e4 langalla on joku nopeasti ja virallisesti puhuva nainen, eik\u00e4 h\u00e4n ymm\u00e4rt\u00e4nyt asiasta mit\u00e4\u00e4n. Sen verran asia oli kuitenkin tarkentunut, ett\u00e4 kyse oli p\u00e4ssist\u00e4 eik\u00e4 passista. Soittaja oli n\u00e4et ilmoittanut, ett\u00e4 nyt se p\u00e4ssi on l\u00f6ytynyt.\u00a0 Nais\u00e4\u00e4ni ilmoitti sitten nimekseen Elina ja jatkoi nopeasti puhetta kertoen, ett\u00e4 jonkin tien numero se ja se reunassa oli n\u00e4hty musta lammas kulkemassa nokka kohti S\u00e4kyl\u00e4\u00e4\u2026 ja ettei vaan menisi isolle tielle ja aiheuttaisi vaaraa liikenteelle!\u00a0 Mik\u00e4 tie, mik\u00e4 kohta, kuka soittaa\u2026.? Joo, menen katsomaan, jossakin Virtaan ja Korven tien risteyksen tienoilla\u2026.. \u00c4kki\u00e4 vaatteet p\u00e4\u00e4lle, talutusk\u00f6ysi, kuivaa leip\u00e4\u00e4 ja jyvi\u00e4 vatiin ja sitten autoon!<\/p>\n<p>Niin min\u00e4 sitten ajelin Hyypyst\u00e4 Korventiet\u00e4 kohti S\u00e4kyl\u00e4\u00e4 Virttaan tielle ja sit\u00e4 edestakaisin aina Pyh\u00e4joen risteykseen asti. Sen verran ajatuskin oli jo kirkastunut, ett\u00e4 p\u00e4\u00e4ttelin soittajan olleen naapurin naapurissa asuva rouva poliisi Irina, joka omalla virkakielell\u00e4\u00e4n oli joutuisasti kertonut puhelimessa lammashavainnosta. Etunimen olin kuullut v\u00e4\u00e4rin, enk\u00e4 tien numeroistakaan pystynyt p\u00e4\u00e4ttelem\u00e4\u00e4n juuri mit\u00e4\u00e4n. Suunta kaiketi oli oikea. Lampaasta ei n\u00e4kynyt vilaustakaan.<\/p>\n<p>T\u00e4ll\u00e4 ensimm\u00e4isell\u00e4 harhareissullani Korvenkyl\u00e4n ja Pyh\u00e4joen kyl\u00e4n v\u00e4limaastoon poikkesin my\u00f6s pariin taloon ilmoittamaan karanneesta lampaasta. Saamani neuvon mukaan soitin my\u00f6s h\u00e4t\u00e4keskukseen ja ilmoitin, ett\u00e4 t\u00e4\u00e4ll\u00e4 on lammas karkuteill\u00e4. Taloissa poiketessani j\u00e4tin my\u00f6s puhelinnumeroni silt\u00e4 varalta, ett\u00e4 lammas n\u00e4ytt\u00e4ytyisi.<\/p>\n<p>T\u00e4m\u00e4n j\u00e4lkeen palasin kotiin, jossa alkoi vilkas viestien vaihto k\u00e4nnyk\u00f6ill\u00e4 ja facebookissa. Havaintokohtakin tarkentui, kun soitin Irinalle (ei Elinalle) pyyt\u00e4\u00e4kseni lis\u00e4tietoja. Lammas olikin n\u00e4hty Korventiell\u00e4 l\u00e4hell\u00e4 Kassarin tienhaaraa. Iltap\u00e4iv\u00e4ll\u00e4 selvisi my\u00f6s, ett\u00e4 lampuri Riitta oli tilannut\u00a0 koulutetut lammaskoirat j\u00e4ljitt\u00e4m\u00e4\u00e4n karannutta. Koirat em\u00e4ntineen saapuivat Liedosta my\u00f6hemmin iltap\u00e4iv\u00e4ll\u00e4 ja l\u00e4hdimme pikaisesti karttojen tutkimisen j\u00e4lkeen kahdella autolla havaintopaikalle. Lammasta ei n\u00e4kynyt, vaikka koirat jotain tien reunassa haistoivatkin. Ajoimme sitten autoilla per\u00e4kanaa tarkkailukierroksen Kassarintiet\u00e4 Virttaantielle ja sielt\u00e4 takaisen l\u00e4ht\u00f6paikkaan Korven risteyksen kautta. Ei havaintoja. Ennen kotiin paluutani poikkesin jututtamassa my\u00f6s kahta\u00a0 Korventaustantien alkup\u00e4\u00e4ss\u00e4 asuvaa ja sattumalta paikalla ollutta kes\u00e4asukasta, joille j\u00e4tin yhteystietoni. Samalla ilokseni sain huomata, ett\u00e4 toisella kes\u00e4asukkaalla oli hoidossaan nelj\u00e4 ruskeaa kes\u00e4kanaa. Mielenkiintoinen uusi tuttavuus! Lammaskoirat em\u00e4ntineen jatkoivat etsint\u00e4\u00e4.<\/p>\n<p>My\u00f6hemmin illalla lammaskoirien omistaja lampuri Kaisa soitti ja ilmoitti, ett\u00e4 koirat eiv\u00e4t pysty jatkamaan, koska j\u00e4ljet ovat jo vanhoja ja lis\u00e4ksi alueella on n\u00e4hty 2-3:n lampaan ryhm\u00e4, jonka j\u00e4ljet ilmeisesti my\u00f6s h\u00e4m\u00e4\u00e4m\u00e4t koiria. Mit\u00e4? Lis\u00e4\u00e4 karkuteill\u00e4 olevia lampaita! Nyth\u00e4n t\u00e4m\u00e4 asia vasta mutkistuukin\u2026 Lampuri Kaisalla oli kuitenkin ehdotus: he palaavat koirien kanssa l\u00e4ht\u00f6paikkaan eli pihallemme, josta lammas karkasi ja j\u00e4ljitt\u00e4v\u00e4t n\u00e4in pakomatkan alkuosan. Niin tehtiin ja j\u00e4in kotiin toiveikkaana odottamaan tuloksia.<\/p>\n<p>Facebookista l\u00f6ytyi asiaa koskevia\u00a0 hyv\u00e4ntahtoisia toivotuksia ja ohjeita. Parhaimmasta p\u00e4\u00e4st\u00e4 lienee ollut siskoni Teijan miehen Jussin kommentti: \u201dMahtoiko l\u00e4hte\u00e4 mustikkamets\u00e4lle&#8230;toivottavasti l\u00f6ytyy. Varuskunnasta apuvoimia etsint\u00e4\u00e4n.\u201d Samana p\u00e4iv\u00e4n\u00e4 aikaisemmin olin lis\u00e4ksi tavannut torilla hyv\u00e4t naapurini\u00a0 Kertun ja Markun, jotka vitsailivat, ett\u00e4 \u201den kai min\u00e4 vain luule, ett\u00e4 he ovat pist\u00e4neet kadonnen lampaan pataansa\u201d. N\u00e4in j\u00e4lkeenp\u00e4in voin sanoa, ett\u00e4 kummassakin oli, merkillist\u00e4 kyll\u00e4, mukana oikea\u00a0 aavistus todella tapahtuneesta\u2026\u00a0 Melkoisia noitia, sanoisin\u2026.<\/p>\n<p>Illalla noin varttia vaille 10 v\u00e4syneet koirat em\u00e4ntineen palasivat pihallemme ja kertoivat, ett\u00e4 koirat olivat j\u00e4ljitt\u00e4neet lampaan reitin pellon yli mets\u00e4n ja mets\u00e4tien kautta naapureitteni Kertun ja Markun pihalle. Etsinn\u00e4t piti kuitenkin keskeytt\u00e4\u00e4, koska etsij\u00e4t olivat uupuneita ja y\u00f6 tulossa.<\/p>\n<p>Kotona ennen nukkumaan menoa tietysti pohdiskelimme mieheni Hannun kanssa p\u00e4iv\u00e4n tapahtumia. Mieleeni\u00a0 j\u00e4i erityisesti\u00a0 yksi Hannun kommentti: vasta nyt h\u00e4n ymm\u00e4rt\u00e4\u00e4 Raamatun tekstin hyv\u00e4st\u00e4 paimenesta, joka j\u00e4tt\u00e4\u00e4 muun lauman ja l\u00e4htee etsim\u00e4\u00e4n yht\u00e4 kadonnutta lammastaan. Juuri n\u00e4in Riitta teki, l\u00e4hti etsim\u00e4\u00e4n itse ja l\u00e4hetti apujoukkojakin etsim\u00e4\u00e4n yht\u00e4 kadonnutta lammastaan kaikkinaista vaivaa ja kuluja s\u00e4\u00e4st\u00e4m\u00e4tt\u00e4.<\/p>\n<p>Liekk\u00f6 viesti sitten y\u00f6n aikana tavoittanut jotakin korkeammalla tasolla olevaa, kun seuraavana aamuna v\u00e4h\u00e4n vaille 10 puhelin soi ja Irina ilmoitti, ett\u00e4 ratsastajat olivat l\u00f6yt\u00e4neet mustan lampaan kaukaa mets\u00e4tielt\u00e4. Paikan sijainnin ymm\u00e4rt\u00e4minen tuotti minulle j\u00e4lleen melkoisia ongelmia, mutta lopulta p\u00e4\u00e4sin \u201djyv\u00e4lle\u201d: Hompsantielt\u00e4 oikean puoleista v\u00e4yl\u00e4\u00e4 mets\u00e4n l\u00e4pi ohi varuskunnan varoituskilpien Taistontielle! Ei muuta kuin vaatteet p\u00e4\u00e4lle ja varusteet mukaan! No enh\u00e4n min\u00e4 taaskaan heti osannut oikeaan kohtaan, mutta onneksi lampaan l\u00f6yt\u00e4neet ratsastajat tulivat tiell\u00e4 vastaan ja l\u00e4htiv\u00e4t edelt\u00e4 n\u00e4ytt\u00e4m\u00e4\u00e4n minulle reitin lampaan luo. Ja siell\u00e4 se oli: surkean n\u00e4k\u00f6inen musta lammas seisomassa mets\u00e4ss\u00e4 ilmeisen uupuneena, liikkumatta ja m\u00e4rk\u00e4n\u00e4.<\/p>\n<p>Ratsastajat k\u00e4viv\u00e4t viel\u00e4 yst\u00e4v\u00e4llisesti kysym\u00e4ss\u00e4, ett\u00e4 tarvitsenko apua, jonka j\u00e4lkeen he katosivat mets\u00e4\u00e4n. Ja min\u00e4 j\u00e4in kahden s\u00e4ikyn lampaan kanssa. Vett\u00e4kin alkoi sataa. Onneksi lammas oli pys\u00e4htynyt jonkinlaisen latorakennelman viereen, joten p\u00e4\u00e4sin ainakin suojaan sateelta. Mutta lammas ei antanut l\u00e4hesty\u00e4 itse\u00e4\u00e4n eik\u00e4 tullut sy\u00f6m\u00e4\u00e4n tarjoamaani jyv\u00e4ateriaa. Aina, kun liikahdin l\u00e4hemm\u00e4s, lammas vet\u00e4ytyi s\u00e4ikkyen kauemmas, ja pelk\u00e4sinkin sen taas karkaavan omille teilleen. Mik\u00e4 nyt neuvoksi? Ei muuta kuin k\u00e4nnykk\u00e4 esiin ja soittamaan lampuri Riitalle. No, sain kyll\u00e4 hyvi\u00e4 neuvoja, mutta mik\u00e4\u00e4n ei tuntunut onnistuvan. Lopulta oivalsin, ett\u00e4 minunhan pit\u00e4\u00e4 saada ylleni kuivat vaatteet ja l\u00e4mmint\u00e4 juotavaa: t\u00e4ss\u00e4h\u00e4n voi menn\u00e4 vaikka koko p\u00e4iv\u00e4! Siksi soitin miehelleni\u00a0 Hannulle ja pyysin h\u00e4nt\u00e4 tuomaan minulle kuivat vaatteet, voileipi\u00e4 ja kahvia termarissa. Aina v\u00e4lill\u00e4 k\u00e4vin maanittelemassa lammasta. Sadekin tuntui laantuvan. Lis\u00e4ksi Riitta ilmoitti, ett\u00e4 h\u00e4n on yst\u00e4v\u00e4ns\u00e4 Ilpon kanssa tulossa hakemaan lammasta ja he ovat nyt Eurassa. Mik\u00e4 helpotus! Hannukin toi sopivasti tilaamani l\u00e4hetyksen.\u00a0 Erinomainen vehje muuten tuo k\u00e4nnykk\u00e4! Ilman sit\u00e4 mik\u00e4\u00e4n ei olisi onnistunut.<\/p>\n<p>Latorakennelman vieress\u00e4 hieman kauempana oli katos, jonka suojassa p\u00e4\u00e4sin lopulta jo v\u00e4h\u00e4n rentoutumaankin. Samalla pidin lammasta koko ajan silm\u00e4ll\u00e4, juttelin sille niit\u00e4 n\u00e4it\u00e4, join kahvia ja s\u00f6in voileipi\u00e4. \u201dMaistuis varmaan sullekin\u201d ja siihen tyyliin. Ja kas kummaa, lammas liikahtikin ja siirtyi varovasti jyv\u00e4vadin viereen ja alkoi sy\u00f6d\u00e4. Aikaa oli kulunut saapumisestani liki kaksi tuntia. Lammas jatkoi varoen sy\u00f6mist\u00e4\u00e4n, kun hiljalleen ja pys\u00e4hdellen l\u00e4henin sit\u00e4 askel askeleelta. Olin jo parin askeleen p\u00e4\u00e4ss\u00e4, kun se vihdoin s\u00e4ikkyi ja vet\u00e4ytyi taaksep\u00e4in, ja kuinka ollakaan, pujahti sis\u00e4\u00e4n ladon avoimesta ovesta ja j\u00e4i sinne! Voi mik\u00e4 helpotus! \u00c4kki\u00e4 ovi kiinni ja kivi oven taa! Varmuuden vuoksi j\u00e4in viel\u00e4 pitk\u00e4ksi aikaa nojailemaan ladon ovea vasten.<\/p>\n<p>Sitten kaikki tapahtuikin hyvin nopeasti. Riitta ja Ilpo saapuivat. Ilpo nappasi lampaan kiinni ja talutti sen v\u00e4kipakolla\u00a0 ensin kuljetusauton per\u00e4\u00e4n ja sitten lavalle. Onnelliset lampurit l\u00e4htiv\u00e4tkin sitten pikaisesti ajamaan kohti Lattomerta. Min\u00e4 palasin kotiin. Matkalla soitin h\u00e4t\u00e4keskukseen ja ilmoitin, ett\u00e4 lammas on l\u00f6ytynyt ja korjattu talteen.<\/p>\n<p>Facebook-sivulleni kirjoitin:\u00a0 \u201dKarannut lammas on l\u00f6ytynyt ja omistaja on hakenut sen talteen.Kirjoitan karanneen lampaan tarinan kokonaisuudessa v\u00e4h\u00e4n my\u00f6hemmin, kun ehdin kunnolla kotiutumaan. Tulin juuri kiinniottoreissulta ja hoksasin, ett\u00e4 kanatkin oli viel\u00e4 aamulta ruokkimatta. Nyt on kyll\u00e4 niin helpottunut ja seesteinen olo, ett\u00e4 voisi kuvitella jotain isompaakin tapahtuneeksi. Ehk\u00e4p\u00e4 onkin&#8230;. L\u00e4mmin kiitos kaikille prosessissa mukana olleille L\u00f6yt\u00e4neell\u00e4, Korvenkyl\u00e4ss\u00e4 ja Pyh\u00e4joen kyl\u00e4n reunamilla. Ja erityiskiitos Irinalle: ilman h\u00e4nen nopeita yhteydenottojaan homma ei olisi hoitunut n\u00e4in hyvin.\u201d<\/p>\n<p>Loppuhuipennuksena on viel\u00e4 todettava, ett\u00e4 ei niin pahaa, ettei jotain hyv\u00e4\u00e4kin. Hyv\u00e4\u00e4 kertyikin yll\u00e4tt\u00e4v\u00e4n paljon kuten:<\/p>\n<p>-paikallistuntemukseni lis\u00e4\u00e4ntyi roppakaupalla<br \/>\n&#8211; sosiaaliset verkostot ovat erinomainen asia, yll\u00e4pidettiin niit\u00e4 sitten mill\u00e4\u00a0 tavalla tahansa<br \/>\n&#8211; tapasin uusia ihmisi\u00e4, jotka toivottavasti tunnistan jatkossakin<br \/>\n&#8211; yst\u00e4vyyteni lujittui erityisesti Riitan kanssa<br \/>\n&#8211; ensi kes\u00e4n\u00e4 olen v\u00e4h\u00e4n viisaampi kes\u00e4lampuri, jos en\u00e4\u00e4 uskallan sellaiseksi ryhty\u00e4.<\/p>\n","protected":false},"excerpt":{"rendered":"<p>Pakinantyyppist\u00e4 kerrontaa Hyypynkulmalta &nbsp; Karannut lammas\u00a0 (TPS\u00a0 27.-31.7.2015) Karannut lammas vasemmalla Sudet olivat tappaneet laiduntavan ponin l\u00e4hialueella. Uutinen ja irvokas kuva somessa s\u00e4ik\u00e4yttiv\u00e4t ja saivat minut kiireesti soittamaan kahden kes\u00e4lampaani omistajalle, lampuri Riitalle. Apua! Lampaat on saatava \u00e4kki\u00e4 suojaan susilta &hellip; <a href=\"https:\/\/hyyppy.fi\/?page_id=61\">Lue loppuun <span class=\"meta-nav\">&rarr;<\/span><\/a><\/p>\n","protected":false},"author":1,"featured_media":0,"parent":0,"menu_order":0,"comment_status":"closed","ping_status":"closed","template":"","meta":{"footnotes":""},"class_list":["post-61","page","type-page","status-publish","hentry"],"_links":{"self":[{"href":"https:\/\/hyyppy.fi\/index.php?rest_route=\/wp\/v2\/pages\/61","targetHints":{"allow":["GET"]}}],"collection":[{"href":"https:\/\/hyyppy.fi\/index.php?rest_route=\/wp\/v2\/pages"}],"about":[{"href":"https:\/\/hyyppy.fi\/index.php?rest_route=\/wp\/v2\/types\/page"}],"author":[{"embeddable":true,"href":"https:\/\/hyyppy.fi\/index.php?rest_route=\/wp\/v2\/users\/1"}],"replies":[{"embeddable":true,"href":"https:\/\/hyyppy.fi\/index.php?rest_route=%2Fwp%2Fv2%2Fcomments&post=61"}],"version-history":[{"count":4,"href":"https:\/\/hyyppy.fi\/index.php?rest_route=\/wp\/v2\/pages\/61\/revisions"}],"predecessor-version":[{"id":66,"href":"https:\/\/hyyppy.fi\/index.php?rest_route=\/wp\/v2\/pages\/61\/revisions\/66"}],"wp:attachment":[{"href":"https:\/\/hyyppy.fi\/index.php?rest_route=%2Fwp%2Fv2%2Fmedia&parent=61"}],"curies":[{"name":"wp","href":"https:\/\/api.w.org\/{rel}","templated":true}]}}